{"id":191,"date":"2020-03-25T23:49:18","date_gmt":"2020-03-25T22:49:18","guid":{"rendered":"http:\/\/www.cedip.at\/cedip\/?post_type=product&#038;p=191"},"modified":"2026-01-07T13:39:57","modified_gmt":"2026-01-07T12:39:57","slug":"kunststoffmappe-ringgroesse-13mm","status":"publish","type":"product","link":"https:\/\/www.cedip.at\/cedip\/?product=kunststoffmappe-ringgroesse-13mm","title":{"rendered":"Kunststoffmappe, Ringgr\u00f6\u00dfe 13mm"},"content":{"rendered":"","protected":false},"excerpt":{"rendered":"<p>geeignet f\u00fcr folgende Einlegebl\u00e4tter:<br \/>\nMED SYSTEM<br \/>\nMED SPEZIAL<br \/>\nMED STANDARD<\/p>\n","protected":false},"featured_media":193,"template":"","meta":[],"product_cat":[38],"product_tag":[],"_links":{"self":[{"href":"https:\/\/www.cedip.at\/cedip\/index.php?rest_route=\/wp\/v2\/product\/191"}],"collection":[{"href":"https:\/\/www.cedip.at\/cedip\/index.php?rest_route=\/wp\/v2\/product"}],"about":[{"href":"https:\/\/www.cedip.at\/cedip\/index.php?rest_route=\/wp\/v2\/types\/product"}],"wp:featuredmedia":[{"embeddable":true,"href":"https:\/\/www.cedip.at\/cedip\/index.php?rest_route=\/wp\/v2\/media\/193"}],"wp:attachment":[{"href":"https:\/\/www.cedip.at\/cedip\/index.php?rest_route=%2Fwp%2Fv2%2Fmedia&parent=191"}],"wp:term":[{"taxonomy":"product_cat","embeddable":true,"href":"https:\/\/www.cedip.at\/cedip\/index.php?rest_route=%2Fwp%2Fv2%2Fproduct_cat&post=191"},{"taxonomy":"product_tag","embeddable":true,"href":"https:\/\/www.cedip.at\/cedip\/index.php?rest_route=%2Fwp%2Fv2%2Fproduct_tag&post=191"}],"curies":[{"name":"wp","href":"https:\/\/api.w.org\/{rel}","templated":true}]}}