{"id":145,"date":"2020-03-25T21:44:55","date_gmt":"2020-03-25T20:44:55","guid":{"rendered":"http:\/\/www.cedip.at\/cedip\/?post_type=product&#038;p=145"},"modified":"2026-01-07T13:42:08","modified_gmt":"2026-01-07T12:42:08","slug":"radio-dent-din-a6-bissfluegelaufnahmen","status":"publish","type":"product","link":"https:\/\/www.cedip.at\/cedip\/?product=radio-dent-din-a6-bissfluegelaufnahmen","title":{"rendered":"RADIO-dent &#8211; DIN A6, Bissfl\u00fcgelaufnahmen"},"content":{"rendered":"<p><strong>Das RADIO-dent \u2013 System von CEDIP<\/strong> ist ein rationelles, zeitsparendes und vor allem kosteng\u00fcnstiges Archivierungssystem f\u00fcr Ihre R\u00f6ntgenfilme.<br \/>\nDie<strong> RADIO-dent-Karteikarte<\/strong> ist aus hochwertigem Karton und einer Spezialklarsichtfolie hergestellt. Diese erm\u00f6glicht ein ungetr\u00fcbtes Betrachten der Bilder. Diese k\u00f6nnen aufgrund des Spezialklebers r\u00fcckstandslos wieder abgenommen werden .<\/p>\n","protected":false},"excerpt":{"rendered":"<p>5 Felder f\u00fcr\u00a0Bissfl\u00fcgelaufnahmen 27 x 55\u00a0mm<\/p>\n","protected":false},"featured_media":121,"template":"","meta":[],"product_cat":[35],"product_tag":[],"_links":{"self":[{"href":"https:\/\/www.cedip.at\/cedip\/index.php?rest_route=\/wp\/v2\/product\/145"}],"collection":[{"href":"https:\/\/www.cedip.at\/cedip\/index.php?rest_route=\/wp\/v2\/product"}],"about":[{"href":"https:\/\/www.cedip.at\/cedip\/index.php?rest_route=\/wp\/v2\/types\/product"}],"wp:featuredmedia":[{"embeddable":true,"href":"https:\/\/www.cedip.at\/cedip\/index.php?rest_route=\/wp\/v2\/media\/121"}],"wp:attachment":[{"href":"https:\/\/www.cedip.at\/cedip\/index.php?rest_route=%2Fwp%2Fv2%2Fmedia&parent=145"}],"wp:term":[{"taxonomy":"product_cat","embeddable":true,"href":"https:\/\/www.cedip.at\/cedip\/index.php?rest_route=%2Fwp%2Fv2%2Fproduct_cat&post=145"},{"taxonomy":"product_tag","embeddable":true,"href":"https:\/\/www.cedip.at\/cedip\/index.php?rest_route=%2Fwp%2Fv2%2Fproduct_tag&post=145"}],"curies":[{"name":"wp","href":"https:\/\/api.w.org\/{rel}","templated":true}]}}