{"id":9,"date":"2020-02-14T12:04:52","date_gmt":"2020-02-14T11:04:52","guid":{"rendered":"http:\/\/www.cedip.at\/cedip\/?page_id=9"},"modified":"2022-01-04T14:43:19","modified_gmt":"2022-01-04T13:43:19","slug":"online-literatur","status":"publish","type":"page","link":"https:\/\/www.cedip.at\/cedip\/?page_id=9","title":{"rendered":"Online-Literatur"},"content":{"rendered":"\n<p>Im Zuge der zunehmenden Nutzung des Internets als Such- und Nachschlageinstrumentarium hat CEDIP begonnen kontinuierlich medizinische Inhalte, wie z.B. das Consilium Practicum zusammen mit den entsprechenden Fachorganisationen in online-Werke umzusetzen. Die daraus entstandenen Netze werden intensiv genutzt und stehen Ihnen Dank der werblichen Unterst\u00fctzung der Pharmzeutischen Industrie ohne Berechnung zur Verf\u00fcgung.<\/p>\n\n\n\n<blockquote class=\"wp-block-quote\"><p>Besuchen Sie uns unter: <a aria-label=\" (\u00f6ffnet in neuem Tab)\" rel=\"noreferrer noopener\" href=\"http:\/\/www.schmerznetz.at\" target=\"_blank\">www.schmerznetz.at<\/a><\/p><\/blockquote>\n\n\n\n<p>f\u00fcr Patienten und mit Registrierung&nbsp;f\u00fcr medizinisches Fachpersonal, Informationsseiten der \u00d6sterreichischen Schmerzgesellschaft (\u00d6SG).<\/p>\n\n\n\n<p>Umfassendes Nachschlagewerk zur Diagnose und Therapie der wichtigsten Schmerzformen, sowie ein kurzer \u00dcberblick \u00fcber die meisten mit Schmerzen einhergehenden Erkrankungen von der Epidemiologie \u00fcber Labor, Klinik, Diagnose etc. bis zu aktuellen Therapievorschl\u00e4gen. Beschreibung aller relevanten Methoden und Substanzen.<\/p>\n\n\n\n<blockquote class=\"wp-block-quote\"><p>Besuchen Sie uns unter: <a href=\"http:\/\/www.rheumanetz.at\" target=\"_blank\" rel=\"noreferrer noopener\">www.rheumanetz.at<\/a><\/p><\/blockquote>\n\n\n\n<p>f\u00fcr Patienten und mit Registrierung f\u00fcr medizinisches Fachpersonal, Informationsseiten der \u00d6sterreichischen Gesellschaft f\u00fcr Rheumatologie und Rehabilitation (\u00d6GR).<\/p>\n\n\n\n<p>Umfassendes Nachschlagewerk zur Diagnose und Therapie aller Erkrankungen des rheumatischen Formenkreises, kurzer \u00dcberblick \u00fcber die meisten Erkrankungen von der Epidemiologie \u00fcber Labor, Klinik, Diagnose etc. bis zu aktuellen Therapievorschl\u00e4gen. Beschreibung aller relevanten Substanzen,<\/p>\n","protected":false},"excerpt":{"rendered":"<p>Im Zuge der zunehmenden Nutzung des Internets als Such- und Nachschlageinstrumentarium hat CEDIP begonnen kontinuierlich medizinische Inhalte, wie z.B. das Consilium Practicum zusammen mit den entsprechenden Fachorganisationen in online-Werke umzusetzen. Die daraus entstandenen Netze werden intensiv genutzt und stehen Ihnen Dank der werblichen Unterst\u00fctzung der Pharmzeutischen Industrie ohne Berechnung zur Verf\u00fcgung. Besuchen Sie uns unter: [&hellip;]<\/p>\n","protected":false},"author":1,"featured_media":0,"parent":0,"menu_order":0,"comment_status":"closed","ping_status":"closed","template":"","meta":[],"_links":{"self":[{"href":"https:\/\/www.cedip.at\/cedip\/index.php?rest_route=\/wp\/v2\/pages\/9"}],"collection":[{"href":"https:\/\/www.cedip.at\/cedip\/index.php?rest_route=\/wp\/v2\/pages"}],"about":[{"href":"https:\/\/www.cedip.at\/cedip\/index.php?rest_route=\/wp\/v2\/types\/page"}],"author":[{"embeddable":true,"href":"https:\/\/www.cedip.at\/cedip\/index.php?rest_route=\/wp\/v2\/users\/1"}],"replies":[{"embeddable":true,"href":"https:\/\/www.cedip.at\/cedip\/index.php?rest_route=%2Fwp%2Fv2%2Fcomments&post=9"}],"version-history":[{"count":12,"href":"https:\/\/www.cedip.at\/cedip\/index.php?rest_route=\/wp\/v2\/pages\/9\/revisions"}],"predecessor-version":[{"id":699,"href":"https:\/\/www.cedip.at\/cedip\/index.php?rest_route=\/wp\/v2\/pages\/9\/revisions\/699"}],"wp:attachment":[{"href":"https:\/\/www.cedip.at\/cedip\/index.php?rest_route=%2Fwp%2Fv2%2Fmedia&parent=9"}],"curies":[{"name":"wp","href":"https:\/\/api.w.org\/{rel}","templated":true}]}}