{"id":305,"date":"2020-04-23T00:18:05","date_gmt":"2020-04-22T22:18:05","guid":{"rendered":"https:\/\/www.cedip.at\/cedip\/?page_id=305"},"modified":"2020-07-28T15:01:44","modified_gmt":"2020-07-28T13:01:44","slug":"ueber-uns","status":"publish","type":"page","link":"https:\/\/www.cedip.at\/cedip\/?page_id=305","title":{"rendered":"\u00dcber CEDIP"},"content":{"rendered":"\n<h3 class=\"has-text-align-center\">Die Firma CEDIP Verlag Arztbedarf\u00a0kann\u00a0auf eine \u00fcber 50-j\u00e4hrige Geschichte im Bereich Arztbedarf in \u00d6sterreich zur\u00fcckblicken und\u00a0wird seit\u00a0mehr als\u00a020 Jahren\u00a0als \u00f6sterreichisches Familienunternehmen gef\u00fchrt.<br><br><\/h3>\n\n\n\n<blockquote class=\"wp-block-quote is-style-default\"><p><strong>1965<\/strong><br>Gr\u00fcndung der CEDIP Medizinisch-Technische Verlags- und Handelsgesellschaft mbH als Tochter der gleichnamigen deutschen Firma in Thaur bei\u00a0Innsbruck<\/p><\/blockquote>\n\n\n\n<blockquote class=\"wp-block-quote\"><p><strong>1993<\/strong><br>\u00dcbersiedlung nach Rum bei Innsbruck (Vergr\u00f6\u00dferung der Gesch\u00e4ftsfl\u00e4chen)<\/p><\/blockquote>\n\n\n\n<blockquote class=\"wp-block-quote\"><p><strong>1997<\/strong><br>Buyout aller \u00d6sterreichischen Gesch\u00e4ftsbereiche aus dem Konzern durch den \u00f6sterreichischen Country Manager Franz Resatz in die CEDIP \u00c4rzteverlag GmbH und \u00dcbersiedlung nach Wien<\/p><\/blockquote>\n\n\n\n<blockquote class=\"wp-block-quote\"><p><strong>2000<\/strong><br>Einstieg des Sohnes&nbsp;Christoph Resatz als Gesellschafter und Mitarbeiter im Bereich Versandhandel<\/p><\/blockquote>\n\n\n\n<blockquote class=\"wp-block-quote\"><p><strong>2008<\/strong><br>\u00dcbernahme des Gesch\u00e4ftsbereiches&nbsp;Verlag und Arztbedarf durch Dipl.-Ing. Christoph Resatz und Umfirmierung in CEDIP Verlag Arztbedarf<\/p><\/blockquote>\n\n\n\n<blockquote class=\"wp-block-quote\"><p><strong>2010<\/strong><br>\u00dcbersiedlung des&nbsp;Betriebes nach Leopoldsdorf im Marchfelde<\/p><\/blockquote>\n","protected":false},"excerpt":{"rendered":"<p>Die Firma CEDIP Verlag Arztbedarf\u00a0kann\u00a0auf eine \u00fcber 50-j\u00e4hrige Geschichte im Bereich Arztbedarf in \u00d6sterreich zur\u00fcckblicken und\u00a0wird seit\u00a0mehr als\u00a020 Jahren\u00a0als \u00f6sterreichisches Familienunternehmen gef\u00fchrt. 1965Gr\u00fcndung der CEDIP Medizinisch-Technische Verlags- und Handelsgesellschaft mbH als Tochter der gleichnamigen deutschen Firma in Thaur bei\u00a0Innsbruck 1993\u00dcbersiedlung nach Rum bei Innsbruck (Vergr\u00f6\u00dferung der Gesch\u00e4ftsfl\u00e4chen) 1997Buyout aller \u00d6sterreichischen Gesch\u00e4ftsbereiche aus dem Konzern durch [&hellip;]<\/p>\n","protected":false},"author":1,"featured_media":0,"parent":0,"menu_order":0,"comment_status":"closed","ping_status":"closed","template":"","meta":[],"_links":{"self":[{"href":"https:\/\/www.cedip.at\/cedip\/index.php?rest_route=\/wp\/v2\/pages\/305"}],"collection":[{"href":"https:\/\/www.cedip.at\/cedip\/index.php?rest_route=\/wp\/v2\/pages"}],"about":[{"href":"https:\/\/www.cedip.at\/cedip\/index.php?rest_route=\/wp\/v2\/types\/page"}],"author":[{"embeddable":true,"href":"https:\/\/www.cedip.at\/cedip\/index.php?rest_route=\/wp\/v2\/users\/1"}],"replies":[{"embeddable":true,"href":"https:\/\/www.cedip.at\/cedip\/index.php?rest_route=%2Fwp%2Fv2%2Fcomments&post=305"}],"version-history":[{"count":25,"href":"https:\/\/www.cedip.at\/cedip\/index.php?rest_route=\/wp\/v2\/pages\/305\/revisions"}],"predecessor-version":[{"id":403,"href":"https:\/\/www.cedip.at\/cedip\/index.php?rest_route=\/wp\/v2\/pages\/305\/revisions\/403"}],"wp:attachment":[{"href":"https:\/\/www.cedip.at\/cedip\/index.php?rest_route=%2Fwp%2Fv2%2Fmedia&parent=305"}],"curies":[{"name":"wp","href":"https:\/\/api.w.org\/{rel}","templated":true}]}}