{"id":16,"date":"2020-02-14T12:06:11","date_gmt":"2020-02-14T11:06:11","guid":{"rendered":"http:\/\/www.cedip.at\/cedip\/?page_id=16"},"modified":"2020-03-25T16:57:16","modified_gmt":"2020-03-25T15:57:16","slug":"impressum","status":"publish","type":"page","link":"https:\/\/www.cedip.at\/cedip\/?page_id=16","title":{"rendered":"Impressum"},"content":{"rendered":"\n<p>Firmenname: DI Christoph Resatz<\/p>\n\n\n\n<p>Anschrift<br>Breitstetter Stra\u00dfe 2A, A-2285 Leopoldsdorf im Marchfelde<br>Telefon +43 (0)2216 20212, Telefax +43 (0)2216 20212-88<br>E-Mail <a href=\"mailto:cedip@cedip.at\" target=\"_blank\" rel=\"noreferrer noopener\" aria-label=\" (\u00f6ffnet in neuem Tab)\">cedip@cedip.at<\/a><\/p>\n\n\n\n<p>Mitglied der Wirtschaftskammer \u00d6sterreich  Fachverband Handel <br>Umsatzsteuer-Identifikationsnummer: ATU64422958<\/p>\n\n\n\n<p>Nutzungsbedingungen  Rechtliche Hinweise<\/p>\n\n\n\n<p>DI Christoph Resatz stellt Informationen und Daten sowie mittels Hyperlinks (Internetverkn\u00fcpfung) Informationen anderer Websites zur Verf\u00fcgung. DI Christoph Resatz \u00fcbernimmt keine Garantie oder Haftung, insbesondere nicht f\u00fcr direkte oder indirekte Sch\u00e4den, die durch die Nutzung der Informationen oder Daten, die auf diesen Websites zu finden sind, entstehen. DI Christoph Resatz \u00fcbernimmt insbesondere keine Verantwortung f\u00fcr Inhalte oder die Funktionsf\u00e4higkeit, Fehlerfreiheit oder Rechtm\u00e4\u00dfigkeit von Webseiten Dritter, von denen oder auf die mittels Link verwiesen wird.<\/p>\n\n\n\n<p>DI Christoph Resatz arbeitet mit verschiedenen Partnern zusammen, die ihrerseits Internetseiten und Dienste anbieten, die durch unsere Seiten zug\u00e4nglich sind. Diese Partner haben in der Regel eigene Datenschutzerkl\u00e4rungen undoder -richtlinien. DI Christoph Resatz \u00fcbernimmt ebenfalls keine Verantwortung oder Haftung f\u00fcr diese mit DI Christoph Resatz nicht im Zusammenhang stehenden Erkl\u00e4rungen und Richtlinien.<\/p>\n\n\n\n<p>Die Inhalte dieser Internetseiten, s\u00e4mtliche durch DI Christoph Resatz erstellten Texte, Grafiken und Dokumente sind durch das Urheberrecht gesch\u00fctzt. Die Vervielf\u00e4ltigung, Nachahmung, \u00c4nderung, Verbreitung oder Speicherung von Informationen oder Daten ist untersagt. Eine Verwendung bedarf der ausdr\u00fccklichen schriftlichen Genehmigung durch DI Christoph Resatz. Eventuell auf diesen Seiten vorhandene Texte und Inhalte, die nicht durch DI Christoph Resatz erstellt wurden sind Eigentum des jeweiligen InhabersErstellers.<\/p>\n\n\n\n<p>Die von DI Christoph Resatz eventuell verwendeten Produkt- und Leistungsbezeichnungen Dritter sind von diesen markenrechtlich, kennzeichenrechtlich, urheberrechtlich undoder wettbewerbsrechtlich gesch\u00fctzte Marken-, Kenn- und Warenzeichen und unterliegen uneingeschr\u00e4nkt den jeweiligen Bestimmungen des jeweils g\u00fcltigen Marken-, Kenn- und Warenzeichenrechts.<\/p>\n\n\n\n<p>Das Linken auf Seiten von DI Christoph Resatz mittels Hyperlinks (Internetverkn\u00fcpfungen) ist erw\u00fcnscht sofern dies mittels Links erfolgt die auf eigene Browserfenster verweisen. Ein verlinken in Frames oder die Verwendung der hier gezeigten Inhalte zum Teil oder g\u00e4nzlich in anderen Seiten ist ausdr\u00fccklich untersagt.<\/p>\n\n\n\n<p>Alle Rechte vorbehalten. Jegliche Vervielf\u00e4ltigung oder Weiterverbreitung in jedem Medium als Ganzes oder in Teilen bedarf der schriftlichen Zustimmung von DI Christoph Resatz.<\/p>\n","protected":false},"excerpt":{"rendered":"<p>Firmenname: DI Christoph Resatz AnschriftBreitstetter Stra\u00dfe 2A, A-2285 Leopoldsdorf im MarchfeldeTelefon +43 (0)2216 20212, Telefax +43 (0)2216 20212-88E-Mail cedip@cedip.at Mitglied der Wirtschaftskammer \u00d6sterreich Fachverband Handel Umsatzsteuer-Identifikationsnummer: ATU64422958 Nutzungsbedingungen Rechtliche Hinweise DI Christoph Resatz stellt Informationen und Daten sowie mittels Hyperlinks (Internetverkn\u00fcpfung) Informationen anderer Websites zur Verf\u00fcgung. DI Christoph Resatz \u00fcbernimmt keine Garantie oder Haftung, insbesondere [&hellip;]<\/p>\n","protected":false},"author":1,"featured_media":0,"parent":0,"menu_order":0,"comment_status":"closed","ping_status":"closed","template":"","meta":[],"_links":{"self":[{"href":"https:\/\/www.cedip.at\/cedip\/index.php?rest_route=\/wp\/v2\/pages\/16"}],"collection":[{"href":"https:\/\/www.cedip.at\/cedip\/index.php?rest_route=\/wp\/v2\/pages"}],"about":[{"href":"https:\/\/www.cedip.at\/cedip\/index.php?rest_route=\/wp\/v2\/types\/page"}],"author":[{"embeddable":true,"href":"https:\/\/www.cedip.at\/cedip\/index.php?rest_route=\/wp\/v2\/users\/1"}],"replies":[{"embeddable":true,"href":"https:\/\/www.cedip.at\/cedip\/index.php?rest_route=%2Fwp%2Fv2%2Fcomments&post=16"}],"version-history":[{"count":4,"href":"https:\/\/www.cedip.at\/cedip\/index.php?rest_route=\/wp\/v2\/pages\/16\/revisions"}],"predecessor-version":[{"id":103,"href":"https:\/\/www.cedip.at\/cedip\/index.php?rest_route=\/wp\/v2\/pages\/16\/revisions\/103"}],"wp:attachment":[{"href":"https:\/\/www.cedip.at\/cedip\/index.php?rest_route=%2Fwp%2Fv2%2Fmedia&parent=16"}],"curies":[{"name":"wp","href":"https:\/\/api.w.org\/{rel}","templated":true}]}}